{"id":2490,"date":"2017-08-14T18:30:17","date_gmt":"2017-08-14T18:30:17","guid":{"rendered":"http:\/\/www.carlocassaniti.it\/?page_id=2490"},"modified":"2017-08-23T19:16:47","modified_gmt":"2017-08-23T19:16:47","slug":"geoturismo","status":"publish","type":"page","link":"https:\/\/www.carlocassaniti.it\/?page_id=2490","title":{"rendered":"Geoturismo"},"content":{"rendered":"<p style=\"text-align: justify;\">Il progetto Etna Romance, cofinanziato dalla Regione Siciliana, \u00e8 stato promosso da un partenariato di soggetti pubblici e privati costituito da: Etna Tourism (Capofila), Comune di Nicolosi, Comune di Sant&#8217;Alfio, Gruppo Guide Alpine Etna Sud, Monti Rossi Adventure Park, Sotto Il Vulcano Affittacamere, Mu.Pa-Ristorante Antico Orto dei Limoni, Sichelia Viaggi, Affittacamere Ai Tre Parchi.<\/p>\n<p style=\"text-align: justify;\">Fin dalla pi\u00f9 remota antichit\u00e0, i vulcani hanno sempre acceso la fantasia, suscitato attrazione e paura, quasi che le loro esplosioni testimoniassero di una dimensione sovraumana, da ricercarsi nelle oscure vene, nelle insondabili profondit\u00e0 dei crateri.<\/p>\n<p style=\"text-align: justify;\">Tutto il repertorio fantastico e magico che aveva fatto, e fa, dell&#8217;Etna l&#8217;emblema stesso della Sicilia, pareggiata tra il caos infernale delle sue forze sotterranee e la grazia di una natura generosa, \u00e8 stato oggetto di ispirazione letteraria.<\/p>\n<p style=\"text-align: justify;\">Gli scrittori che tra il settecento e l&#8217;Ottocento venivano sul &#8220;Mongibello&#8221;, erano pronti a sfidare le forze del vulcano, dimora dei dannati e monito per i viventi, una strabiliante officina di esplosioni e di incendi\u2026l\u2019immagine stessa dell\u2019&#8221;Inferno pi\u00f9 spaventoso&#8221;.<\/p>\n<p style=\"text-align: justify;\">Via via che ci si avvicina alla sommit\u00e0 lo stupore \u00e8 sempre pi\u00f9 forte, l\u2019orizzonte immenso si allarga e l&#8217;uomo, dominando il vecchio mondo di Omero, Virgilio, Ovidio e Teocrito, intende quanto egli sia finito dinanzi all\u2019Infinito.<\/p>\n<p style=\"text-align: justify;\">Paradiso all&#8217;esterno, terra di diavoli all&#8217;interno, il Mongibello raccoglie in s\u00e9 ogni bellezza e ogni orrore, diventando una miniera di antitesi e fonte di ispirazione letteraria per i romantici, che rivalutavano la poesia della natura intesa non come estasi elegiaca ma come turbine di sentimenti e di passioni.<\/p>\n<p style=\"text-align: justify;\"><b>L\u2019itinerario naturalistico &#8220;Etna Romance\u201d fa rivivere ai turisti l\u2019emozione di ripercorrere i sentieri naturalistici che molti letterati e artisti del Romanticismo hanno percorso e che, dopo ad aver vissuto l&#8217;avventura dell&#8217;ascensione sul cratere, hanno tratto ispirazione dai luoghi visitati durante la loro escursione.<\/b><\/p>\n<p style=\"text-align: center;\"><strong>VISITA IL PORTALE ETNA ROMANCE<\/strong><\/p>\n<p><a href=\"http:\/\/www.etnaromance.it\" target=\"_blank\" rel=\"noopener\"><img loading=\"lazy\" decoding=\"async\" class=\"aligncenter wp-image-2755\" src=\"http:\/\/www.carlocassaniti.it\/wp-content\/uploads\/2017\/08\/logo-etnaromance-300x152.jpg\" alt=\"\" width=\"417\" height=\"211\" srcset=\"https:\/\/www.carlocassaniti.it\/wp-content\/uploads\/2017\/08\/logo-etnaromance-300x152.jpg 300w, https:\/\/www.carlocassaniti.it\/wp-content\/uploads\/2017\/08\/logo-etnaromance-768x389.jpg 768w, https:\/\/www.carlocassaniti.it\/wp-content\/uploads\/2017\/08\/logo-etnaromance-1024x519.jpg 1024w, https:\/\/www.carlocassaniti.it\/wp-content\/uploads\/2017\/08\/logo-etnaromance.jpg 1215w\" sizes=\"auto, (max-width: 417px) 100vw, 417px\" \/><\/a><\/p>\n<p style=\"text-align: center;\"><strong><em>Idea e Progetto di:<\/em><\/strong><\/p>\n<p style=\"text-align: center;\"><em>Carlo Cassaniti &amp; Benedetto Puglisi<\/em><\/p>\n","protected":false},"excerpt":{"rendered":"<p>Il progetto Etna Romance, cofinanziato dalla Regione Siciliana, \u00e8 stato promosso da un partenariato di soggetti pubblici e privati costituito da: Etna Tourism (Capofila), Comune di Nicolosi, Comune di Sant&#8217;Alfio, Gruppo Guide Alpine Etna Sud, Monti Rossi Adventure Park, Sotto<\/p>\n","protected":false},"author":1,"featured_media":0,"parent":0,"menu_order":0,"comment_status":"closed","ping_status":"closed","template":"","meta":{"ngg_post_thumbnail":0,"footnotes":""},"class_list":["post-2490","page","type-page","status-publish","hentry"],"_links":{"self":[{"href":"https:\/\/www.carlocassaniti.it\/index.php?rest_route=\/wp\/v2\/pages\/2490","targetHints":{"allow":["GET"]}}],"collection":[{"href":"https:\/\/www.carlocassaniti.it\/index.php?rest_route=\/wp\/v2\/pages"}],"about":[{"href":"https:\/\/www.carlocassaniti.it\/index.php?rest_route=\/wp\/v2\/types\/page"}],"author":[{"embeddable":true,"href":"https:\/\/www.carlocassaniti.it\/index.php?rest_route=\/wp\/v2\/users\/1"}],"replies":[{"embeddable":true,"href":"https:\/\/www.carlocassaniti.it\/index.php?rest_route=%2Fwp%2Fv2%2Fcomments&post=2490"}],"version-history":[{"count":8,"href":"https:\/\/www.carlocassaniti.it\/index.php?rest_route=\/wp\/v2\/pages\/2490\/revisions"}],"predecessor-version":[{"id":2758,"href":"https:\/\/www.carlocassaniti.it\/index.php?rest_route=\/wp\/v2\/pages\/2490\/revisions\/2758"}],"wp:attachment":[{"href":"https:\/\/www.carlocassaniti.it\/index.php?rest_route=%2Fwp%2Fv2%2Fmedia&parent=2490"}],"curies":[{"name":"wp","href":"https:\/\/api.w.org\/{rel}","templated":true}]}}